{"id":268,"date":"2019-08-03T21:30:46","date_gmt":"2019-08-03T21:30:46","guid":{"rendered":"https:\/\/www.braniweb.com\/?page_id=268"},"modified":"2019-09-01T11:51:54","modified_gmt":"2019-09-01T11:51:54","slug":"garancija-kvaliteta","status":"publish","type":"page","link":"https:\/\/www.braniweb.com\/en\/garancija-kvaliteta\/","title":{"rendered":"Garancija kvaliteta"},"content":{"rendered":"\n<p>O nama najbolje govore na\u0161i prethodni projekti. Va\u017eno je napomenuti da ne odustajemo od korekcije dok klijent ne bude u potpunosti zadovoljan. <\/p>\n\n\n\n<p>Finalni proizvod mora biti ono \u0161to ste zamislili, odnosno ono \u0161to smo dogovorili. <\/p>\n\n\n\n<p>Predla\u017eemo da odavde nastavite na stranicu sa na\u0161im <a href=\"https:\/\/www.braniweb.com\/category\/portfolio\/\">portfoliom<\/a>, gdje \u0107ete vidjeti primjere brojnih web sajtova i aplikacija, kojima su na\u0161i klijenti veoma zadovoljni. <\/p>\n\n\n\n<p><\/p>\n","protected":false},"excerpt":{"rendered":"<p>O nama najbolje govore na\u0161i prethodni projekti. Va\u017eno je napomenuti da ne odustajemo od korekcije dok klijent ne bude u potpunosti zadovoljan. Finalni proizvod mora biti ono \u0161to ste zamislili, odnosno ono \u0161to smo dogovorili. Predla\u017eemo da odavde nastavite na stranicu sa na\u0161im portfoliom, gdje \u0107ete vidjeti primjere brojnih web sajtova i aplikacija, kojima su&#8230;<\/p>\n","protected":false},"author":1,"featured_media":0,"parent":0,"menu_order":0,"comment_status":"closed","ping_status":"closed","template":"","meta":{"_kadence_starter_templates_imported_post":false,"_kad_post_transparent":"","_kad_post_title":"","_kad_post_layout":"","_kad_post_sidebar_id":"","_kad_post_content_style":"","_kad_post_vertical_padding":"","_kad_post_feature":"","_kad_post_feature_position":"","_kad_post_header":false,"_kad_post_footer":false,"footnotes":""},"class_list":["post-268","page","type-page","status-publish","hentry"],"yoast_head":"<!-- This site is optimized with the Yoast SEO plugin v27.3 - https:\/\/yoast.com\/product\/yoast-seo-wordpress\/ -->\n<title>Garancija kvaliteta | BraniWeb izrada web sajtova i aplikacija<\/title>\n<meta name=\"description\" content=\"Garancija kvaliteta su na\u0161i brojni, uspje\u0161no zavr\u0161eni projekti. Finalni proizvod mora biti ono \u0161to ste zamislili, odnosno ono \u0161to smo dogovorili.\" \/>\n<meta name=\"robots\" content=\"index, follow, max-snippet:-1, max-image-preview:large, max-video-preview:-1\" \/>\n<link rel=\"canonical\" href=\"https:\/\/www.braniweb.com\/en\/garancija-kvaliteta\/\" \/>\n<meta property=\"og:locale\" content=\"en_US\" \/>\n<meta property=\"og:locale:alternate\" content=\"bs_BA\" \/>\n<meta property=\"og:locale:alternate\" content=\"de_DE_formal\" \/>\n<meta property=\"og:locale:alternate\" content=\"sr_RS\" \/>\n<meta property=\"og:type\" content=\"article\" \/>\n<meta property=\"og:title\" content=\"Garancija kvaliteta | BraniWeb izrada web sajtova i aplikacija\" \/>\n<meta property=\"og:description\" content=\"Garancija kvaliteta su na\u0161i brojni, uspje\u0161no zavr\u0161eni projekti. Finalni proizvod mora biti ono \u0161to ste zamislili, odnosno ono \u0161to smo dogovorili.\" \/>\n<meta property=\"og:url\" content=\"https:\/\/www.braniweb.com\/en\/garancija-kvaliteta\/\" \/>\n<meta property=\"og:site_name\" content=\"BraniWeb\" \/>\n<meta property=\"article:modified_time\" content=\"2019-09-01T11:51:54+00:00\" \/>\n<meta name=\"twitter:card\" content=\"summary_large_image\" \/>\n<script type=\"application\/ld+json\" class=\"yoast-schema-graph\">{\"@context\":\"https:\\\/\\\/schema.org\",\"@graph\":[{\"@type\":\"WebPage\",\"@id\":\"https:\\\/\\\/www.braniweb.com\\\/garancija-kvaliteta\\\/\",\"url\":\"https:\\\/\\\/www.braniweb.com\\\/garancija-kvaliteta\\\/\",\"name\":\"Garancija kvaliteta | BraniWeb izrada web sajtova i aplikacija\",\"isPartOf\":{\"@id\":\"https:\\\/\\\/www.braniweb.com\\\/#website\"},\"datePublished\":\"2019-08-03T21:30:46+00:00\",\"dateModified\":\"2019-09-01T11:51:54+00:00\",\"description\":\"Garancija kvaliteta su na\u0161i brojni, uspje\u0161no zavr\u0161eni projekti. Finalni proizvod mora biti ono \u0161to ste zamislili, odnosno ono \u0161to smo dogovorili.\",\"breadcrumb\":{\"@id\":\"https:\\\/\\\/www.braniweb.com\\\/garancija-kvaliteta\\\/#breadcrumb\"},\"inLanguage\":\"en-US\",\"potentialAction\":[{\"@type\":\"ReadAction\",\"target\":[\"https:\\\/\\\/www.braniweb.com\\\/garancija-kvaliteta\\\/\"]}]},{\"@type\":\"BreadcrumbList\",\"@id\":\"https:\\\/\\\/www.braniweb.com\\\/garancija-kvaliteta\\\/#breadcrumb\",\"itemListElement\":[{\"@type\":\"ListItem\",\"position\":1,\"name\":\"Home\",\"item\":\"https:\\\/\\\/www.braniweb.com\\\/\"},{\"@type\":\"ListItem\",\"position\":2,\"name\":\"Garancija kvaliteta\"}]},{\"@type\":\"WebSite\",\"@id\":\"https:\\\/\\\/www.braniweb.com\\\/#website\",\"url\":\"https:\\\/\\\/www.braniweb.com\\\/\",\"name\":\"BraniWeb\",\"description\":\"Izrada aplikacija i web sajtova | Bijeljina, Bosna i Hercegovina\",\"publisher\":{\"@id\":\"https:\\\/\\\/www.braniweb.com\\\/#organization\"},\"potentialAction\":[{\"@type\":\"SearchAction\",\"target\":{\"@type\":\"EntryPoint\",\"urlTemplate\":\"https:\\\/\\\/www.braniweb.com\\\/?s={search_term_string}\"},\"query-input\":{\"@type\":\"PropertyValueSpecification\",\"valueRequired\":true,\"valueName\":\"search_term_string\"}}],\"inLanguage\":\"en-US\"},{\"@type\":\"Organization\",\"@id\":\"https:\\\/\\\/www.braniweb.com\\\/#organization\",\"name\":\"BraniWeb\",\"url\":\"https:\\\/\\\/www.braniweb.com\\\/\",\"logo\":{\"@type\":\"ImageObject\",\"inLanguage\":\"en-US\",\"@id\":\"https:\\\/\\\/www.braniweb.com\\\/#\\\/schema\\\/logo\\\/image\\\/\",\"url\":\"https:\\\/\\\/www.braniweb.com\\\/wp-content\\\/uploads\\\/2020\\\/12\\\/logo01.png\",\"contentUrl\":\"https:\\\/\\\/www.braniweb.com\\\/wp-content\\\/uploads\\\/2020\\\/12\\\/logo01.png\",\"width\":60,\"height\":106,\"caption\":\"BraniWeb\"},\"image\":{\"@id\":\"https:\\\/\\\/www.braniweb.com\\\/#\\\/schema\\\/logo\\\/image\\\/\"}}]}<\/script>\n<!-- \/ Yoast SEO plugin. -->","yoast_head_json":{"title":"Garancija kvaliteta | BraniWeb izrada web sajtova i aplikacija","description":"Garancija kvaliteta su na\u0161i brojni, uspje\u0161no zavr\u0161eni projekti. Finalni proizvod mora biti ono \u0161to ste zamislili, odnosno ono \u0161to smo dogovorili.","robots":{"index":"index","follow":"follow","max-snippet":"max-snippet:-1","max-image-preview":"max-image-preview:large","max-video-preview":"max-video-preview:-1"},"canonical":"https:\/\/www.braniweb.com\/en\/garancija-kvaliteta\/","og_locale":"en_US","og_type":"article","og_title":"Garancija kvaliteta | BraniWeb izrada web sajtova i aplikacija","og_description":"Garancija kvaliteta su na\u0161i brojni, uspje\u0161no zavr\u0161eni projekti. Finalni proizvod mora biti ono \u0161to ste zamislili, odnosno ono \u0161to smo dogovorili.","og_url":"https:\/\/www.braniweb.com\/en\/garancija-kvaliteta\/","og_site_name":"BraniWeb","article_modified_time":"2019-09-01T11:51:54+00:00","twitter_card":"summary_large_image","schema":{"@context":"https:\/\/schema.org","@graph":[{"@type":"WebPage","@id":"https:\/\/www.braniweb.com\/garancija-kvaliteta\/","url":"https:\/\/www.braniweb.com\/garancija-kvaliteta\/","name":"Garancija kvaliteta | BraniWeb izrada web sajtova i aplikacija","isPartOf":{"@id":"https:\/\/www.braniweb.com\/#website"},"datePublished":"2019-08-03T21:30:46+00:00","dateModified":"2019-09-01T11:51:54+00:00","description":"Garancija kvaliteta su na\u0161i brojni, uspje\u0161no zavr\u0161eni projekti. Finalni proizvod mora biti ono \u0161to ste zamislili, odnosno ono \u0161to smo dogovorili.","breadcrumb":{"@id":"https:\/\/www.braniweb.com\/garancija-kvaliteta\/#breadcrumb"},"inLanguage":"en-US","potentialAction":[{"@type":"ReadAction","target":["https:\/\/www.braniweb.com\/garancija-kvaliteta\/"]}]},{"@type":"BreadcrumbList","@id":"https:\/\/www.braniweb.com\/garancija-kvaliteta\/#breadcrumb","itemListElement":[{"@type":"ListItem","position":1,"name":"Home","item":"https:\/\/www.braniweb.com\/"},{"@type":"ListItem","position":2,"name":"Garancija kvaliteta"}]},{"@type":"WebSite","@id":"https:\/\/www.braniweb.com\/#website","url":"https:\/\/www.braniweb.com\/","name":"BraniWeb","description":"Izrada aplikacija i web sajtova | Bijeljina, Bosna i Hercegovina","publisher":{"@id":"https:\/\/www.braniweb.com\/#organization"},"potentialAction":[{"@type":"SearchAction","target":{"@type":"EntryPoint","urlTemplate":"https:\/\/www.braniweb.com\/?s={search_term_string}"},"query-input":{"@type":"PropertyValueSpecification","valueRequired":true,"valueName":"search_term_string"}}],"inLanguage":"en-US"},{"@type":"Organization","@id":"https:\/\/www.braniweb.com\/#organization","name":"BraniWeb","url":"https:\/\/www.braniweb.com\/","logo":{"@type":"ImageObject","inLanguage":"en-US","@id":"https:\/\/www.braniweb.com\/#\/schema\/logo\/image\/","url":"https:\/\/www.braniweb.com\/wp-content\/uploads\/2020\/12\/logo01.png","contentUrl":"https:\/\/www.braniweb.com\/wp-content\/uploads\/2020\/12\/logo01.png","width":60,"height":106,"caption":"BraniWeb"},"image":{"@id":"https:\/\/www.braniweb.com\/#\/schema\/logo\/image\/"}}]}},"_links":{"self":[{"href":"https:\/\/www.braniweb.com\/en\/wp-json\/wp\/v2\/pages\/268","targetHints":{"allow":["GET"]}}],"collection":[{"href":"https:\/\/www.braniweb.com\/en\/wp-json\/wp\/v2\/pages"}],"about":[{"href":"https:\/\/www.braniweb.com\/en\/wp-json\/wp\/v2\/types\/page"}],"author":[{"embeddable":true,"href":"https:\/\/www.braniweb.com\/en\/wp-json\/wp\/v2\/users\/1"}],"replies":[{"embeddable":true,"href":"https:\/\/www.braniweb.com\/en\/wp-json\/wp\/v2\/comments?post=268"}],"version-history":[{"count":5,"href":"https:\/\/www.braniweb.com\/en\/wp-json\/wp\/v2\/pages\/268\/revisions"}],"predecessor-version":[{"id":430,"href":"https:\/\/www.braniweb.com\/en\/wp-json\/wp\/v2\/pages\/268\/revisions\/430"}],"wp:attachment":[{"href":"https:\/\/www.braniweb.com\/en\/wp-json\/wp\/v2\/media?parent=268"}],"curies":[{"name":"wp","href":"https:\/\/api.w.org\/{rel}","templated":true}]}}